{"id":1315,"date":"2026-02-04T15:21:50","date_gmt":"2026-02-04T14:21:50","guid":{"rendered":"https:\/\/www.saint-malo-camping.com\/vermietung-von-moeblierten-wohnungen\/"},"modified":"2026-02-18T09:33:36","modified_gmt":"2026-02-18T08:33:36","slug":"vermietung-von-moeblierten-wohnungen","status":"publish","type":"page","link":"https:\/\/www.saint-malo-camping.com\/de\/vermietung-von-moeblierten-wohnungen\/","title":{"rendered":"Vermietung von m\u00f6blierten Wohnungen"},"content":{"rendered":"<div class=\"diaporama-header align-full\"><div class=\"gallery\"><figure class=\"gallery__item\"><picture><source srcset=\"https:\/\/www.saint-malo-camping.com\/wp-content\/uploads\/2026\/02\/header-meubles-420x315.webp\" media=\"(max-width: 210px)\"><source srcset=\"https:\/\/www.saint-malo-camping.com\/wp-content\/uploads\/2026\/02\/header-meubles-850x637.webp\" media=\"(max-width: 420px)\"><source srcset=\"https:\/\/www.saint-malo-camping.com\/wp-content\/uploads\/2026\/02\/header-meubles-768x576.webp\" media=\"(max-width: 850px)\"><source srcset=\"https:\/\/www.saint-malo-camping.com\/wp-content\/uploads\/2026\/02\/header-meubles-1024x767.webp\" media=\"(max-width: 1024px)\"><source srcset=\"https:\/\/www.saint-malo-camping.com\/wp-content\/uploads\/2026\/02\/header-meubles.webp\" media=\"(min-width: 1025px)\"><img loading=\"lazy\" decoding=\"async\" src=\"https:\/\/www.saint-malo-camping.com\/wp-content\/uploads\/2026\/02\/header-meubles-420x315.webp\" width=\"420\" height=\"210\" alt=\"\" title=\"\"><\/picture><\/figure><\/div><div class=\"diaporama-header__inner\"><\/div><\/div><div class=\"columns sec-05 reverse-mob has-bleu-bg-color has-bg align-full\" style=\"background-color:var(--bleu);\"><div class=\"columns__item fade-left\"><div class=\"gallery height-adapt f-carousel fc-diapo\" data-fancybox=\"gallery\"><figure class=\"gallery__item\"><picture><source srcset=\"https:\/\/www.saint-malo-camping.com\/wp-content\/uploads\/2026\/02\/maison-louer-420x279.webp\" media=\"(max-width: 210px)\"><source srcset=\"https:\/\/www.saint-malo-camping.com\/wp-content\/uploads\/2026\/02\/maison-louer-850x564.webp\" media=\"(max-width: 420px)\"><source srcset=\"https:\/\/www.saint-malo-camping.com\/wp-content\/uploads\/2026\/02\/maison-louer-768x510.webp\" media=\"(max-width: 850px)\"><source srcset=\"https:\/\/www.saint-malo-camping.com\/wp-content\/uploads\/2026\/02\/maison-louer.webp\" media=\"(max-width: 1024px)\"><source srcset=\"https:\/\/www.saint-malo-camping.com\/wp-content\/uploads\/2026\/02\/maison-louer.webp\" media=\"(min-width: 1025px)\"><img decoding=\"async\" src=\"https:\/\/www.saint-malo-camping.com\/wp-content\/uploads\/2026\/02\/maison-louer-420x279.webp\" width=\"420\" height=\"210\" loading=\"lazy\" alt=\"\" title=\"\"><\/picture><\/figure><figure class=\"gallery__item\"><picture><source srcset=\"https:\/\/www.saint-malo-camping.com\/wp-content\/uploads\/2026\/02\/location-maison-420x279.webp\" media=\"(max-width: 210px)\"><source srcset=\"https:\/\/www.saint-malo-camping.com\/wp-content\/uploads\/2026\/02\/location-maison-850x565.webp\" media=\"(max-width: 420px)\"><source srcset=\"https:\/\/www.saint-malo-camping.com\/wp-content\/uploads\/2026\/02\/location-maison-768x511.webp\" media=\"(max-width: 850px)\"><source srcset=\"https:\/\/www.saint-malo-camping.com\/wp-content\/uploads\/2026\/02\/location-maison.webp\" media=\"(max-width: 1024px)\"><source srcset=\"https:\/\/www.saint-malo-camping.com\/wp-content\/uploads\/2026\/02\/location-maison.webp\" media=\"(min-width: 1025px)\"><img decoding=\"async\" src=\"https:\/\/www.saint-malo-camping.com\/wp-content\/uploads\/2026\/02\/location-maison-420x279.webp\" width=\"420\" height=\"210\" loading=\"lazy\" alt=\"\" title=\"\"><\/picture><\/figure><figure class=\"gallery__item\"><picture><source srcset=\"https:\/\/www.saint-malo-camping.com\/wp-content\/uploads\/2026\/02\/maison-location-420x287.webp\" media=\"(max-width: 210px)\"><source srcset=\"https:\/\/www.saint-malo-camping.com\/wp-content\/uploads\/2026\/02\/maison-location-850x580.webp\" media=\"(max-width: 420px)\"><source srcset=\"https:\/\/www.saint-malo-camping.com\/wp-content\/uploads\/2026\/02\/maison-location-768x524.webp\" media=\"(max-width: 850px)\"><source srcset=\"https:\/\/www.saint-malo-camping.com\/wp-content\/uploads\/2026\/02\/maison-location.webp\" media=\"(max-width: 1024px)\"><source srcset=\"https:\/\/www.saint-malo-camping.com\/wp-content\/uploads\/2026\/02\/maison-location.webp\" media=\"(min-width: 1025px)\"><img decoding=\"async\" src=\"https:\/\/www.saint-malo-camping.com\/wp-content\/uploads\/2026\/02\/maison-location-420x287.webp\" width=\"420\" height=\"210\" loading=\"lazy\" alt=\"\" title=\"\"><\/picture><\/figure><figure class=\"gallery__item\"><picture><source srcset=\"https:\/\/www.saint-malo-camping.com\/wp-content\/uploads\/2026\/02\/appartement-location-420x314.webp\" media=\"(max-width: 210px)\"><source srcset=\"https:\/\/www.saint-malo-camping.com\/wp-content\/uploads\/2026\/02\/appartement-location-850x636.webp\" media=\"(max-width: 420px)\"><source srcset=\"https:\/\/www.saint-malo-camping.com\/wp-content\/uploads\/2026\/02\/appartement-location-768x575.webp\" media=\"(max-width: 850px)\"><source srcset=\"https:\/\/www.saint-malo-camping.com\/wp-content\/uploads\/2026\/02\/appartement-location-1024x766.webp\" media=\"(max-width: 1024px)\"><source srcset=\"https:\/\/www.saint-malo-camping.com\/wp-content\/uploads\/2026\/02\/appartement-location.webp\" media=\"(min-width: 1025px)\"><img decoding=\"async\" src=\"https:\/\/www.saint-malo-camping.com\/wp-content\/uploads\/2026\/02\/appartement-location-420x314.webp\" width=\"420\" height=\"210\" loading=\"lazy\" alt=\"\" title=\"\"><\/picture><\/figure><\/div><\/div><div class=\"columns__item fade-right\" style=\"align-self:center;\"><h1>Entdecken Sie auch unsere <span class=\"fc-span\">m\u00f6blierten<\/span> Mietwohnungen <span class=\"fc-span\">in Saint-Malo und Dinard<\/span>!<\/h1><p    >Entdecken Sie unsere Unterk\u00fcnfte, in denen Sie in <strong>charmanten, komplett ausgestatteten Appartements und H\u00e4usern<\/strong> wohnen k\u00f6nnen. Ideal f\u00fcr einen Urlaub mit der Familie oder mit Freunden, jede Unterkunft bietet Ihnen Komfort, Unabh\u00e4ngigkeit und N\u00e4he zum Meer. <\/p><p    >Genie\u00dfen Sie den Strand, der nur wenige Schritte entfernt ist, Spazierg\u00e4nge mit Jod und gesellige Abende in einer einladenden und erholsamen Umgebung.<\/p><div class=\"buttons\"><a href=\"https:\/\/latouessesaintmalo.fr\/\" rel=\"noreferrer noopener\" target=\"_blank\" class=\"buttons__btn\">Entdecken Sie unsere m\u00f6blierten Mietobjekte<\/a><\/div><\/div><\/div>","protected":false},"excerpt":{"rendered":"<p>Entdecken Sie auch unsere m\u00f6blierten Mietwohnungen in Saint-Malo und Dinard! Entdecken Sie unsere Unterk\u00fcnfte, in denen Sie in charmanten, komplett ausgestatteten Appartements und H\u00e4usern wohnen k\u00f6nnen. Ideal f\u00fcr einen Urlaub mit der Familie oder mit Freunden, jede Unterkunft bietet Ihnen Komfort, Unabh\u00e4ngigkeit und N\u00e4he zum Meer. Genie\u00dfen Sie den Strand, der nur wenige Schritte entfernt [&hellip;]<\/p>\n","protected":false},"author":1,"featured_media":0,"parent":0,"menu_order":0,"comment_status":"closed","ping_status":"closed","template":"","meta":{"_acf_changed":false,"footnotes":""},"acf":[],"_links":{"self":[{"href":"https:\/\/www.saint-malo-camping.com\/de\/wp-json\/wp\/v2\/pages\/1315"}],"collection":[{"href":"https:\/\/www.saint-malo-camping.com\/de\/wp-json\/wp\/v2\/pages"}],"about":[{"href":"https:\/\/www.saint-malo-camping.com\/de\/wp-json\/wp\/v2\/types\/page"}],"author":[{"embeddable":true,"href":"https:\/\/www.saint-malo-camping.com\/de\/wp-json\/wp\/v2\/users\/1"}],"replies":[{"embeddable":true,"href":"https:\/\/www.saint-malo-camping.com\/de\/wp-json\/wp\/v2\/comments?post=1315"}],"version-history":[{"count":1,"href":"https:\/\/www.saint-malo-camping.com\/de\/wp-json\/wp\/v2\/pages\/1315\/revisions"}],"predecessor-version":[{"id":1316,"href":"https:\/\/www.saint-malo-camping.com\/de\/wp-json\/wp\/v2\/pages\/1315\/revisions\/1316"}],"wp:attachment":[{"href":"https:\/\/www.saint-malo-camping.com\/de\/wp-json\/wp\/v2\/media?parent=1315"}],"curies":[{"name":"wp","href":"https:\/\/api.w.org\/{rel}","templated":true}]}}