{"id":1309,"date":"2026-02-02T14:37:15","date_gmt":"2026-02-02T13:37:15","guid":{"rendered":"https:\/\/www.saint-malo-camping.com\/gruppen\/"},"modified":"2026-02-18T09:33:34","modified_gmt":"2026-02-18T08:33:34","slug":"gruppen","status":"publish","type":"page","link":"https:\/\/www.saint-malo-camping.com\/de\/gruppen\/","title":{"rendered":"Gruppen"},"content":{"rendered":"<div class=\"diaporama-header align-full\"><div class=\"gallery\"><figure class=\"gallery__item\"><picture><source srcset=\"https:\/\/www.saint-malo-camping.com\/wp-content\/uploads\/2026\/02\/AdobeStock_582239379-420x280.webp\" media=\"(max-width: 210px)\"><source srcset=\"https:\/\/www.saint-malo-camping.com\/wp-content\/uploads\/2026\/02\/AdobeStock_582239379-850x567.webp\" media=\"(max-width: 420px)\"><source srcset=\"https:\/\/www.saint-malo-camping.com\/wp-content\/uploads\/2026\/02\/AdobeStock_582239379-768x512.webp\" media=\"(max-width: 850px)\"><source srcset=\"https:\/\/www.saint-malo-camping.com\/wp-content\/uploads\/2026\/02\/AdobeStock_582239379-1024x683.webp\" media=\"(max-width: 1024px)\"><source srcset=\"https:\/\/www.saint-malo-camping.com\/wp-content\/uploads\/2026\/02\/AdobeStock_582239379.webp\" media=\"(min-width: 1025px)\"><img loading=\"lazy\" decoding=\"async\" src=\"https:\/\/www.saint-malo-camping.com\/wp-content\/uploads\/2026\/02\/AdobeStock_582239379-420x280.webp\" width=\"420\" height=\"210\" alt=\"\" title=\"\"><\/picture><\/figure><\/div><div class=\"diaporama-header__inner\"><\/div><\/div><div class=\"columns\"><div class=\"columns__item fade-left\" style=\"align-self:center;\"><h1>Idealer Empfang f\u00fcr Gruppen <span class=\"fc-span\">und Outdoor-Enthusiasten<\/span><\/h1><p    >Radfahrer, Wanderer, Segelclubs oder Busreisende: hier ist alles darauf ausgerichtet, Ihnen einen <strong>ruhigen, praktischen und geselligen<\/strong> Aufenthalt zu bieten. Der Campingplatz kann <strong>bis zu 100 Personen ohne Verpflegung<\/strong> oder <strong>60 Personen mit Verpflegung<\/strong> in <strong>komfortablen Mietunterk\u00fcnften f\u00fcr 2 bis 6 Personen<\/strong> beherbergen. <\/p><div class=\"lireplus fc-mob\"><p    >Lesen Sie mehr<\/p><div class=\"group\"><p    >Buchungen sind <strong>von April bis Juni und von September bis Oktober<\/strong> m\u00f6glich, mit einem <strong>Minimum von 2 \u00dcbernachtungen<\/strong>, ideal f\u00fcr einen Zwischenstopp oder einen organisierten Aufenthalt.<\/p><\/div><\/div><\/div><div class=\"columns__item fade-right\"><div class=\"gallery height-adapt\"><figure class=\"gallery__item\"><picture><source srcset=\"https:\/\/www.saint-malo-camping.com\/wp-content\/uploads\/2026\/02\/AdobeStock_210673896-420x280.webp\" media=\"(max-width: 210px)\"><source srcset=\"https:\/\/www.saint-malo-camping.com\/wp-content\/uploads\/2026\/02\/AdobeStock_210673896-850x566.webp\" media=\"(max-width: 420px)\"><source srcset=\"https:\/\/www.saint-malo-camping.com\/wp-content\/uploads\/2026\/02\/AdobeStock_210673896-768x511.webp\" media=\"(max-width: 850px)\"><source srcset=\"https:\/\/www.saint-malo-camping.com\/wp-content\/uploads\/2026\/02\/AdobeStock_210673896-1024x682.webp\" media=\"(max-width: 1024px)\"><source srcset=\"https:\/\/www.saint-malo-camping.com\/wp-content\/uploads\/2026\/02\/AdobeStock_210673896.webp\" media=\"(min-width: 1025px)\"><img decoding=\"async\" src=\"https:\/\/www.saint-malo-camping.com\/wp-content\/uploads\/2026\/02\/AdobeStock_210673896-420x280.webp\" width=\"420\" height=\"210\" loading=\"lazy\" alt=\"\" title=\"\"><\/picture><\/figure><\/div><\/div><\/div><div class=\"columns sec-05 reverse-mob has-bleu-bg-color has-bg align-full\" style=\"background-color:var(--bleu);\"><div class=\"columns__item fade-left\"><div class=\"gallery height-adapt\"><figure class=\"gallery__item\"><picture><source srcset=\"https:\/\/www.saint-malo-camping.com\/wp-content\/uploads\/2026\/02\/AdobeStock_1869505444-420x280.webp\" media=\"(max-width: 210px)\"><source srcset=\"https:\/\/www.saint-malo-camping.com\/wp-content\/uploads\/2026\/02\/AdobeStock_1869505444-850x566.webp\" media=\"(max-width: 420px)\"><source srcset=\"https:\/\/www.saint-malo-camping.com\/wp-content\/uploads\/2026\/02\/AdobeStock_1869505444-768x512.webp\" media=\"(max-width: 850px)\"><source srcset=\"https:\/\/www.saint-malo-camping.com\/wp-content\/uploads\/2026\/02\/AdobeStock_1869505444-1024x682.webp\" media=\"(max-width: 1024px)\"><source srcset=\"https:\/\/www.saint-malo-camping.com\/wp-content\/uploads\/2026\/02\/AdobeStock_1869505444.webp\" media=\"(min-width: 1025px)\"><img decoding=\"async\" src=\"https:\/\/www.saint-malo-camping.com\/wp-content\/uploads\/2026\/02\/AdobeStock_1869505444-420x280.webp\" width=\"420\" height=\"210\" loading=\"lazy\" alt=\"\" title=\"\"><\/picture><\/figure><\/div><\/div><div class=\"columns__item fade-right\" style=\"align-self:center;\"><h2>Zwischen Wanderwegen, Strand <span class=\"fc-span\">und Stadtzentrum<\/span><\/h2><p    >Wenn Sie die Natur lieben und gerne spazieren gehen, dann sind Sie hier genau richtig! Der Campingplatz liegt in <strong>unmittelbarer N\u00e4he des GR34 und des Gr\u00fcnen Wegs<\/strong>, ideal f\u00fcr Wanderungen und Radtouren.   <\/p><p   id=\"https:\/\/www.visorando.com\/?component=rando&amp;task=searchCircuitV2&amp;loc=Saint-Lunaire\" >In der Umgebung von Saint-Lunaire gibt es <a href=\"https:\/\/www.visorando.com\/?component=rando&amp;task=searchCircuitV2&amp;loc=Saint-Lunaire\" data-type=\"link\" data-id=\"https:\/\/www.visorando.com\/?component=rando&amp;task=searchCircuitV2&amp;loc=Saint-Lunaire\" target=\"_blank\" rel=\"noreferrer noopener\">viele Wanderwege<\/a>.<\/p><div class=\"lireplus fc-mob\"><p    >Lesen Sie mehr<\/p><div class=\"group\"><p    >Nur <strong>300 Meter vom Strand<\/strong>, <strong>1,5 km vom Stadtzentrum von Dinard<\/strong> und mit einer <strong>Bushaltestelle am Ausgang des Campingplatzes<\/strong>, ist alles f\u00fcr einen reibungslosen Aufenthalt ohne Reisezwang vorhanden.<\/p><\/div><\/div><\/div><\/div><figure class=\"deco etoile\"><picture><source srcset=\"https:\/\/www.saint-malo-camping.com\/wp-content\/uploads\/2024\/07\/deco-etoile-420x72.webp\" media=\"(max-width: 210px)\"><source srcset=\"https:\/\/www.saint-malo-camping.com\/wp-content\/uploads\/2024\/07\/deco-etoile-850x146.webp\" media=\"(max-width: 420px)\"><source srcset=\"https:\/\/www.saint-malo-camping.com\/wp-content\/uploads\/2024\/07\/deco-etoile-768x132.webp\" media=\"(max-width: 850px)\"><source srcset=\"https:\/\/www.saint-malo-camping.com\/wp-content\/uploads\/2024\/07\/deco-etoile-1024x176.webp\" media=\"(max-width: 1024px)\"><source srcset=\"https:\/\/www.saint-malo-camping.com\/wp-content\/uploads\/2024\/07\/deco-etoile.webp\" media=\"(min-width: 1025px)\"><img decoding=\"async\" src=\"https:\/\/www.saint-malo-camping.com\/wp-content\/uploads\/2024\/07\/deco-etoile-420x72.webp\" width=\"420\" height=\"210\" loading=\"lazy\" alt=\"\" title=\"\"><\/picture><\/figure><div class=\"columns\"><div class=\"columns__item fade-left\" style=\"align-self:center;\"><h2>Komfort, Dienstleistungen und <span class=\"fc-span\">Preise leicht gemacht<\/span><\/h2><p    >Das Restaurant ist vom 1. April bis zum 30. September ge\u00f6ffnet und bietet Platz f\u00fcr bis zu 60 Personen, was es zu einer idealen L\u00f6sung f\u00fcr Gruppen macht. Zur Entspannung bietet der Campingplatz ein Hallenbad mit Umkleidekabinen, das vom 1. April bis zum 31. Oktober ge\u00f6ffnet ist, sowie ein Freibad mit Rutsche, das vom 15. Mai bis zum 15. September ge\u00f6ffnet ist. <\/p><div class=\"lireplus fc-mob\"><p    >Lesen Sie mehr<\/p><div class=\"group\"><p    >Die Preise beginnen bei 89 \u20ac pro Nacht im Mobilheim oder 350 \u20ac pro Woche. F\u00fcr den t\u00e4glichen Komfort ist ein Parkplatz f\u00fcr jedes Mietobjekt inbegriffen. <\/p><\/div><\/div><\/div><div class=\"columns__item fade-right\"><div class=\"gallery height-adapt\"><figure class=\"gallery__item\"><picture><source srcset=\"https:\/\/www.saint-malo-camping.com\/wp-content\/uploads\/2026\/02\/AdobeStock_31577920-420x280.webp\" media=\"(max-width: 210px)\"><source srcset=\"https:\/\/www.saint-malo-camping.com\/wp-content\/uploads\/2026\/02\/AdobeStock_31577920-850x566.webp\" media=\"(max-width: 420px)\"><source srcset=\"https:\/\/www.saint-malo-camping.com\/wp-content\/uploads\/2026\/02\/AdobeStock_31577920-768x512.webp\" media=\"(max-width: 850px)\"><source srcset=\"https:\/\/www.saint-malo-camping.com\/wp-content\/uploads\/2026\/02\/AdobeStock_31577920-1024x682.webp\" media=\"(max-width: 1024px)\"><source srcset=\"https:\/\/www.saint-malo-camping.com\/wp-content\/uploads\/2026\/02\/AdobeStock_31577920.webp\" media=\"(min-width: 1025px)\"><img decoding=\"async\" src=\"https:\/\/www.saint-malo-camping.com\/wp-content\/uploads\/2026\/02\/AdobeStock_31577920-420x280.webp\" width=\"420\" height=\"210\" loading=\"lazy\" alt=\"\" title=\"\"><\/picture><\/figure><\/div><\/div><\/div>","protected":false},"excerpt":{"rendered":"<p>Idealer Empfang f\u00fcr Gruppen und Outdoor-Enthusiasten Radfahrer, Wanderer, Segelclubs oder Busreisende: hier ist alles darauf ausgerichtet, Ihnen einen ruhigen, praktischen und geselligen Aufenthalt zu bieten. Der Campingplatz kann bis zu 100 Personen ohne Verpflegung oder 60 Personen mit Verpflegung in komfortablen Mietunterk\u00fcnften f\u00fcr 2 bis 6 Personen beherbergen. Zwischen Wanderwegen, Strand und Stadtzentrum Wenn Sie [&hellip;]<\/p>\n","protected":false},"author":1,"featured_media":0,"parent":0,"menu_order":0,"comment_status":"closed","ping_status":"closed","template":"","meta":{"_acf_changed":false,"footnotes":""},"acf":[],"_links":{"self":[{"href":"https:\/\/www.saint-malo-camping.com\/de\/wp-json\/wp\/v2\/pages\/1309"}],"collection":[{"href":"https:\/\/www.saint-malo-camping.com\/de\/wp-json\/wp\/v2\/pages"}],"about":[{"href":"https:\/\/www.saint-malo-camping.com\/de\/wp-json\/wp\/v2\/types\/page"}],"author":[{"embeddable":true,"href":"https:\/\/www.saint-malo-camping.com\/de\/wp-json\/wp\/v2\/users\/1"}],"replies":[{"embeddable":true,"href":"https:\/\/www.saint-malo-camping.com\/de\/wp-json\/wp\/v2\/comments?post=1309"}],"version-history":[{"count":1,"href":"https:\/\/www.saint-malo-camping.com\/de\/wp-json\/wp\/v2\/pages\/1309\/revisions"}],"predecessor-version":[{"id":1312,"href":"https:\/\/www.saint-malo-camping.com\/de\/wp-json\/wp\/v2\/pages\/1309\/revisions\/1312"}],"wp:attachment":[{"href":"https:\/\/www.saint-malo-camping.com\/de\/wp-json\/wp\/v2\/media?parent=1309"}],"curies":[{"name":"wp","href":"https:\/\/api.w.org\/{rel}","templated":true}]}}