{"id":1294,"date":"2026-01-14T15:49:09","date_gmt":"2026-01-14T14:49:09","guid":{"rendered":"https:\/\/www.saint-malo-camping.com\/plaetze\/"},"modified":"2026-02-19T11:05:16","modified_gmt":"2026-02-19T10:05:16","slug":"plaetze","status":"publish","type":"page","link":"https:\/\/www.saint-malo-camping.com\/de\/plaetze\/","title":{"rendered":"Pl\u00e4tze"},"content":{"rendered":"<div class=\"diaporama-header align-full\"><div class=\"gallery\"><figure class=\"gallery__item\"><picture><source srcset=\"https:\/\/www.saint-malo-camping.com\/wp-content\/uploads\/2026\/01\/header-emplacement-420x167.webp\" media=\"(max-width: 210px)\"><source srcset=\"https:\/\/www.saint-malo-camping.com\/wp-content\/uploads\/2026\/01\/header-emplacement-850x339.webp\" media=\"(max-width: 420px)\"><source srcset=\"https:\/\/www.saint-malo-camping.com\/wp-content\/uploads\/2026\/01\/header-emplacement-768x306.webp\" media=\"(max-width: 850px)\"><source srcset=\"https:\/\/www.saint-malo-camping.com\/wp-content\/uploads\/2026\/01\/header-emplacement-1024x408.webp\" media=\"(max-width: 1024px)\"><source srcset=\"https:\/\/www.saint-malo-camping.com\/wp-content\/uploads\/2026\/01\/header-emplacement.webp\" media=\"(min-width: 1025px)\"><img loading=\"lazy\" decoding=\"async\" src=\"https:\/\/www.saint-malo-camping.com\/wp-content\/uploads\/2026\/01\/header-emplacement-420x167.webp\" width=\"420\" height=\"210\" alt=\"\" title=\"\"><\/picture><\/figure><\/div><div class=\"diaporama-header__inner\"><\/div><\/div>\n\n<div class=\"columns sec-05 has-vert-bg-color has-bg align-full\" style=\"background-color:var(--vert);\"><div class=\"columns__item fade-left\" style=\"align-self:center;\"><h1>Unsere Campingpl\u00e4tze <span class=\"fc-span\">in der Bretagne<\/span><\/h1><p    >Kommen Sie mit Ihrem <strong>Zelt, Wohnwagen oder Wohnmobil<\/strong> und richten Sie sich auf dem Stellplatz ein, der zu Ihnen passt. Der Campingplatz <strong>La Touesse**<\/strong> liegt in <strong>der N\u00e4he von Saint-Malo, zwischen Dinard und Saint-Lunaire<\/strong>, und empf\u00e4ngt Sie in einer idealen Umgebung f\u00fcr einen Urlaub am Meer. Mit seinem <strong>Wasserpark<\/strong> und seinem <strong>Bar-Restaurant<\/strong> ist alles vorhanden, um Ihren Aufenthalt an der <strong>Smaragdk\u00fcste<\/strong> in vollen Z\u00fcgen zu genie\u00dfen.  <\/p><div class=\"buttons\"><span class=\"buttons__btn btn-resa-empl\">Ich m\u00f6chte buchen<\/span><\/div><\/div><div class=\"columns__item fade-right\"><div class=\"gallery height-adapt\"><figure class=\"gallery__item\"><picture><source srcset=\"https:\/\/www.saint-malo-camping.com\/wp-content\/uploads\/2026\/01\/campingcar-420x315.webp\" media=\"(max-width: 210px)\"><source srcset=\"https:\/\/www.saint-malo-camping.com\/wp-content\/uploads\/2026\/01\/campingcar-850x638.webp\" media=\"(max-width: 420px)\"><source srcset=\"https:\/\/www.saint-malo-camping.com\/wp-content\/uploads\/2026\/01\/campingcar-768x576.webp\" media=\"(max-width: 850px)\"><source srcset=\"https:\/\/www.saint-malo-camping.com\/wp-content\/uploads\/2026\/01\/campingcar.webp\" media=\"(max-width: 1024px)\"><source srcset=\"https:\/\/www.saint-malo-camping.com\/wp-content\/uploads\/2026\/01\/campingcar.webp\" media=\"(min-width: 1025px)\"><img decoding=\"async\" src=\"https:\/\/www.saint-malo-camping.com\/wp-content\/uploads\/2026\/01\/campingcar-420x315.webp\" width=\"420\" height=\"210\" loading=\"lazy\" alt=\"\" title=\"\"><\/picture><\/figure><\/div><\/div><\/div>\n\n<div class=\"gallery align-full hide-mob f-carousel fc-diapo-mob\" data-fancybox=\"gallery-mob\"><figure class=\"gallery__item\"><picture><source srcset=\"https:\/\/www.saint-malo-camping.com\/wp-content\/uploads\/2026\/01\/tente-touesse-420x315.webp\" media=\"(max-width: 210px)\"><source srcset=\"https:\/\/www.saint-malo-camping.com\/wp-content\/uploads\/2026\/01\/tente-touesse-850x638.webp\" media=\"(max-width: 420px)\"><source srcset=\"https:\/\/www.saint-malo-camping.com\/wp-content\/uploads\/2026\/01\/tente-touesse-768x576.webp\" media=\"(max-width: 850px)\"><source srcset=\"https:\/\/www.saint-malo-camping.com\/wp-content\/uploads\/2026\/01\/tente-touesse.webp\" media=\"(max-width: 1024px)\"><source srcset=\"https:\/\/www.saint-malo-camping.com\/wp-content\/uploads\/2026\/01\/tente-touesse.webp\" media=\"(min-width: 1025px)\"><img decoding=\"async\" src=\"https:\/\/www.saint-malo-camping.com\/wp-content\/uploads\/2026\/01\/tente-touesse-420x315.webp\" width=\"420\" height=\"210\" loading=\"lazy\" alt=\"\" title=\"\"><\/picture><figcaption>Zelt<\/figcaption><\/figure><figure class=\"gallery__item\"><picture><source srcset=\"https:\/\/www.saint-malo-camping.com\/wp-content\/uploads\/2026\/01\/photo-636767772369106114-2-420x315.jpg.webp\" media=\"(max-width: 210px)\"><source srcset=\"https:\/\/www.saint-malo-camping.com\/wp-content\/uploads\/2026\/01\/photo-636767772369106114-2-850x638.jpg.webp\" media=\"(max-width: 420px)\"><source srcset=\"https:\/\/www.saint-malo-camping.com\/wp-content\/uploads\/2026\/01\/photo-636767772369106114-2-768x576.jpg.webp\" media=\"(max-width: 850px)\"><source srcset=\"https:\/\/www.saint-malo-camping.com\/wp-content\/uploads\/2026\/01\/photo-636767772369106114-2.jpg.webp\" media=\"(max-width: 1024px)\"><source srcset=\"https:\/\/www.saint-malo-camping.com\/wp-content\/uploads\/2026\/01\/photo-636767772369106114-2.jpg.webp\" media=\"(min-width: 1025px)\"><img decoding=\"async\" src=\"https:\/\/www.saint-malo-camping.com\/wp-content\/uploads\/2026\/01\/photo-636767772369106114-2-420x315.jpg.webp\" width=\"420\" height=\"210\" loading=\"lazy\" alt=\"\" title=\"\"><\/picture><figcaption>Standort<\/figcaption><\/figure><figure class=\"gallery__item\"><picture><source srcset=\"https:\/\/www.saint-malo-camping.com\/wp-content\/uploads\/2026\/01\/camping-car-420x315.webp\" media=\"(max-width: 210px)\"><source srcset=\"https:\/\/www.saint-malo-camping.com\/wp-content\/uploads\/2026\/01\/camping-car-850x638.webp\" media=\"(max-width: 420px)\"><source srcset=\"https:\/\/www.saint-malo-camping.com\/wp-content\/uploads\/2026\/01\/camping-car-768x576.webp\" media=\"(max-width: 850px)\"><source srcset=\"https:\/\/www.saint-malo-camping.com\/wp-content\/uploads\/2026\/01\/camping-car.webp\" media=\"(max-width: 1024px)\"><source srcset=\"https:\/\/www.saint-malo-camping.com\/wp-content\/uploads\/2026\/01\/camping-car.webp\" media=\"(min-width: 1025px)\"><img decoding=\"async\" src=\"https:\/\/www.saint-malo-camping.com\/wp-content\/uploads\/2026\/01\/camping-car-420x315.webp\" width=\"420\" height=\"210\" loading=\"lazy\" alt=\"\" title=\"\"><\/picture><figcaption>Wohnmobil<\/figcaption><\/figure><\/div>\n\n<div class=\"columns reverse-mob\"><div class=\"columns__item fade-right\"><div class=\"gallery height-adapt\"><figure class=\"gallery__item\"><picture><source srcset=\"https:\/\/www.saint-malo-camping.com\/wp-content\/uploads\/2026\/01\/camping-touesse-420x315.webp\" media=\"(max-width: 210px)\"><source srcset=\"https:\/\/www.saint-malo-camping.com\/wp-content\/uploads\/2026\/01\/camping-touesse-850x638.webp\" media=\"(max-width: 420px)\"><source srcset=\"https:\/\/www.saint-malo-camping.com\/wp-content\/uploads\/2026\/01\/camping-touesse-768x576.webp\" media=\"(max-width: 850px)\"><source srcset=\"https:\/\/www.saint-malo-camping.com\/wp-content\/uploads\/2026\/01\/camping-touesse.webp\" media=\"(max-width: 1024px)\"><source srcset=\"https:\/\/www.saint-malo-camping.com\/wp-content\/uploads\/2026\/01\/camping-touesse.webp\" media=\"(min-width: 1025px)\"><img decoding=\"async\" src=\"https:\/\/www.saint-malo-camping.com\/wp-content\/uploads\/2026\/01\/camping-touesse-420x315.webp\" width=\"420\" height=\"210\" loading=\"lazy\" alt=\"\" title=\"\"><\/picture><\/figure><\/div><\/div><div class=\"columns__item fade-left\" style=\"align-self:center;\"><h2>4-Sterne-Campingpl\u00e4tze <span class=\"fc-span\">in der N\u00e4he von Dinard<\/span><\/h2><p    >Unser <strong>4-Sterne-Campingplatz<\/strong> liegt <strong>300 Meter von einem feinen Sandstrand entfernt<\/strong> und bietet <strong>flache, grasbewachsene Stellpl\u00e4tze<\/strong>, die je nach Wunsch sonnig oder schattig sind. Alle Stellpl\u00e4tze verf\u00fcgen \u00fcber einen <strong>Stromanschluss<\/strong> (bitte Verl\u00e4ngerungskabel und europ\u00e4ischen Adapter mitbringen) und <strong>Wifi (gegen Geb\u00fchr)<\/strong>. Sie k\u00f6nnen einen Einzelplatz w\u00e4hlen oder sich f\u00fcr einen <strong>Gruppenplatz<\/strong> (zu zweit oder zu viert) entscheiden, ideal f\u00fcr einen Aufenthalt mit der Familie oder Freunden.  <\/p><div class=\"lireplus fc-desk\"><p    >Lesen Sie mehr<\/p><div class=\"group\"><p    >F\u00fcr Ihren Komfort stehen Ihnen zwei moderne Sanit\u00e4ranlagen zur Verf\u00fcgung, die Folgendes umfassen:<\/p><ul><li>eine Duschkabine, ein Waschbecken und eine Toilette, die f\u00fcr Personen mit eingeschr\u00e4nkter Mobilit\u00e4t geeignet sind,\n<\/li><li>ein <strong>Babyraum<\/strong> mit Badewanne und Wickeltisch,\n<\/li><li>ein <strong>Servicebereich f\u00fcr Wohnmobile<\/strong>.\n<\/li><\/ul><\/div><\/div><\/div><\/div>","protected":false},"excerpt":{"rendered":"<p>Unsere Campingpl\u00e4tze in der Bretagne Kommen Sie mit Ihrem Zelt, Wohnwagen oder Wohnmobil und richten Sie sich auf dem Stellplatz ein, der zu Ihnen passt. Der Campingplatz La Touesse** liegt in der N\u00e4he von Saint-Malo, zwischen Dinard und Saint-Lunaire, und empf\u00e4ngt Sie in einer idealen Umgebung f\u00fcr einen Urlaub am Meer. Mit seinem Wasserpark und [&hellip;]<\/p>\n","protected":false},"author":1,"featured_media":0,"parent":0,"menu_order":0,"comment_status":"open","ping_status":"open","template":"","meta":{"_acf_changed":false,"footnotes":""},"acf":[],"_links":{"self":[{"href":"https:\/\/www.saint-malo-camping.com\/de\/wp-json\/wp\/v2\/pages\/1294"}],"collection":[{"href":"https:\/\/www.saint-malo-camping.com\/de\/wp-json\/wp\/v2\/pages"}],"about":[{"href":"https:\/\/www.saint-malo-camping.com\/de\/wp-json\/wp\/v2\/types\/page"}],"author":[{"embeddable":true,"href":"https:\/\/www.saint-malo-camping.com\/de\/wp-json\/wp\/v2\/users\/1"}],"replies":[{"embeddable":true,"href":"https:\/\/www.saint-malo-camping.com\/de\/wp-json\/wp\/v2\/comments?post=1294"}],"version-history":[{"count":2,"href":"https:\/\/www.saint-malo-camping.com\/de\/wp-json\/wp\/v2\/pages\/1294\/revisions"}],"predecessor-version":[{"id":1548,"href":"https:\/\/www.saint-malo-camping.com\/de\/wp-json\/wp\/v2\/pages\/1294\/revisions\/1548"}],"wp:attachment":[{"href":"https:\/\/www.saint-malo-camping.com\/de\/wp-json\/wp\/v2\/media?parent=1294"}],"curies":[{"name":"wp","href":"https:\/\/api.w.org\/{rel}","templated":true}]}}