{"id":1290,"date":"2026-01-14T15:49:09","date_gmt":"2026-01-14T14:49:09","guid":{"rendered":"https:\/\/www.saint-malo-camping.com\/dienste\/"},"modified":"2026-02-18T15:26:25","modified_gmt":"2026-02-18T14:26:25","slug":"dienste","status":"publish","type":"page","link":"https:\/\/www.saint-malo-camping.com\/de\/dienste\/","title":{"rendered":"Dienste"},"content":{"rendered":"<div class=\"diaporama-header align-full\"><div class=\"gallery\"><figure class=\"gallery__item\"><picture><source srcset=\"https:\/\/www.saint-malo-camping.com\/wp-content\/uploads\/2026\/01\/header-services-420x168.jpg.webp\" media=\"(max-width: 210px)\"><source srcset=\"https:\/\/www.saint-malo-camping.com\/wp-content\/uploads\/2026\/01\/header-services-850x339.jpg.webp\" media=\"(max-width: 420px)\"><source srcset=\"https:\/\/www.saint-malo-camping.com\/wp-content\/uploads\/2026\/01\/header-services-768x306.jpg.webp\" media=\"(max-width: 850px)\"><source srcset=\"https:\/\/www.saint-malo-camping.com\/wp-content\/uploads\/2026\/01\/header-services-1024x409.jpg.webp\" media=\"(max-width: 1024px)\"><source srcset=\"https:\/\/www.saint-malo-camping.com\/wp-content\/uploads\/2026\/01\/header-services.jpg.webp\" media=\"(min-width: 1025px)\"><img loading=\"lazy\" decoding=\"async\" src=\"https:\/\/www.saint-malo-camping.com\/wp-content\/uploads\/2026\/01\/header-services-420x168.jpg.webp\" width=\"420\" height=\"210\" alt=\"\" title=\"\"><\/picture><\/figure><\/div><div class=\"diaporama-header__inner\"><\/div><\/div><div class=\"columns\"><div class=\"columns__item fade-left\" style=\"align-self:center;\"><h1>Dienstleistungen <span class=\"fc-span\">von April bis September<\/span><\/h1><p    >Alle unsere Dienstleistungen werden von April bis September angeboten, um Ihnen einen komfortablen und unbeschwerten Aufenthalt zu garantieren. Direkt vor Ort wird an alles gedacht, um Ihren Alltag zu erleichtern und Ihnen zu erm\u00f6glichen, Ihren Urlaub auf dem Campingplatz in aller Ruhe zu genie\u00dfen. <\/p><div class=\"buttons\"><span class=\"buttons__btn btn-resa\">Ich m\u00f6chte buchen<\/span><\/div><\/div><div class=\"columns__item fade-right\"><div class=\"gallery height-adapt f-carousel fc-diapo\" data-fancybox=\"gallery\"><figure class=\"gallery__item\"><picture><source srcset=\"https:\/\/www.saint-malo-camping.com\/wp-content\/uploads\/2026\/01\/camping-touesse-photo-cocktail-420x293.webp\" media=\"(max-width: 210px)\"><source srcset=\"https:\/\/www.saint-malo-camping.com\/wp-content\/uploads\/2026\/01\/camping-touesse-photo-cocktail-850x594.webp\" media=\"(max-width: 420px)\"><source srcset=\"https:\/\/www.saint-malo-camping.com\/wp-content\/uploads\/2026\/01\/camping-touesse-photo-cocktail-768x536.webp\" media=\"(max-width: 850px)\"><source srcset=\"https:\/\/www.saint-malo-camping.com\/wp-content\/uploads\/2026\/01\/camping-touesse-photo-cocktail-1024x715.webp\" media=\"(max-width: 1024px)\"><source srcset=\"https:\/\/www.saint-malo-camping.com\/wp-content\/uploads\/2026\/01\/camping-touesse-photo-cocktail.webp\" media=\"(min-width: 1025px)\"><img decoding=\"async\" src=\"https:\/\/www.saint-malo-camping.com\/wp-content\/uploads\/2026\/01\/camping-touesse-photo-cocktail-420x293.webp\" width=\"420\" height=\"210\" loading=\"lazy\" alt=\"\" title=\"\"><\/picture><\/figure><figure class=\"gallery__item\"><picture><source srcset=\"https:\/\/www.saint-malo-camping.com\/wp-content\/uploads\/2026\/02\/P7256988_DxO_resultat-420x315.webp\" media=\"(max-width: 210px)\"><source srcset=\"https:\/\/www.saint-malo-camping.com\/wp-content\/uploads\/2026\/02\/P7256988_DxO_resultat-850x638.webp\" media=\"(max-width: 420px)\"><source srcset=\"https:\/\/www.saint-malo-camping.com\/wp-content\/uploads\/2026\/02\/P7256988_DxO_resultat-768x576.webp\" media=\"(max-width: 850px)\"><source srcset=\"https:\/\/www.saint-malo-camping.com\/wp-content\/uploads\/2026\/02\/P7256988_DxO_resultat-1024x768.webp\" media=\"(max-width: 1024px)\"><source srcset=\"https:\/\/www.saint-malo-camping.com\/wp-content\/uploads\/2026\/02\/P7256988_DxO_resultat.webp\" media=\"(min-width: 1025px)\"><img decoding=\"async\" src=\"https:\/\/www.saint-malo-camping.com\/wp-content\/uploads\/2026\/02\/P7256988_DxO_resultat-420x315.webp\" width=\"420\" height=\"210\" loading=\"lazy\" alt=\"\" title=\"\"><\/picture><\/figure><figure class=\"gallery__item\"><picture><source srcset=\"https:\/\/www.saint-malo-camping.com\/wp-content\/uploads\/2026\/02\/P7257712_DxO_resultat-420x315.webp\" media=\"(max-width: 210px)\"><source srcset=\"https:\/\/www.saint-malo-camping.com\/wp-content\/uploads\/2026\/02\/P7257712_DxO_resultat-850x637.webp\" media=\"(max-width: 420px)\"><source srcset=\"https:\/\/www.saint-malo-camping.com\/wp-content\/uploads\/2026\/02\/P7257712_DxO_resultat-768x575.webp\" media=\"(max-width: 850px)\"><source srcset=\"https:\/\/www.saint-malo-camping.com\/wp-content\/uploads\/2026\/02\/P7257712_DxO_resultat-1024x767.webp\" media=\"(max-width: 1024px)\"><source srcset=\"https:\/\/www.saint-malo-camping.com\/wp-content\/uploads\/2026\/02\/P7257712_DxO_resultat.webp\" media=\"(min-width: 1025px)\"><img decoding=\"async\" src=\"https:\/\/www.saint-malo-camping.com\/wp-content\/uploads\/2026\/02\/P7257712_DxO_resultat-420x315.webp\" width=\"420\" height=\"210\" loading=\"lazy\" alt=\"\" title=\"\"><\/picture><\/figure><\/div><\/div><\/div><div class=\"gallery align-full hide-mob f-carousel fc-diapo-mob\" data-fancybox=\"gallery-mob\"><figure class=\"gallery__item\"><picture><source srcset=\"https:\/\/www.saint-malo-camping.com\/wp-content\/uploads\/2026\/01\/restaurant-420x315.jpg.webp\" media=\"(max-width: 210px)\"><source srcset=\"https:\/\/www.saint-malo-camping.com\/wp-content\/uploads\/2026\/01\/restaurant-850x638.jpg.webp\" media=\"(max-width: 420px)\"><source srcset=\"https:\/\/www.saint-malo-camping.com\/wp-content\/uploads\/2026\/01\/restaurant-768x576.jpg.webp\" media=\"(max-width: 850px)\"><source srcset=\"https:\/\/www.saint-malo-camping.com\/wp-content\/uploads\/2026\/01\/restaurant.jpg.webp\" media=\"(max-width: 1024px)\"><source srcset=\"https:\/\/www.saint-malo-camping.com\/wp-content\/uploads\/2026\/01\/restaurant.jpg.webp\" media=\"(min-width: 1025px)\"><img decoding=\"async\" src=\"https:\/\/www.saint-malo-camping.com\/wp-content\/uploads\/2026\/01\/restaurant-420x315.jpg.webp\" width=\"420\" height=\"210\" loading=\"lazy\" alt=\"\" title=\"\"><\/picture><figcaption>Bar-Restaurant<\/figcaption><\/figure><figure class=\"gallery__item\"><picture><source srcset=\"https:\/\/www.saint-malo-camping.com\/wp-content\/uploads\/2026\/02\/2019-touesse-sanitaire-est-420x315.webp\" media=\"(max-width: 210px)\"><source srcset=\"https:\/\/www.saint-malo-camping.com\/wp-content\/uploads\/2026\/02\/2019-touesse-sanitaire-est-850x637.webp\" media=\"(max-width: 420px)\"><source srcset=\"https:\/\/www.saint-malo-camping.com\/wp-content\/uploads\/2026\/02\/2019-touesse-sanitaire-est-768x575.webp\" media=\"(max-width: 850px)\"><source srcset=\"https:\/\/www.saint-malo-camping.com\/wp-content\/uploads\/2026\/02\/2019-touesse-sanitaire-est-1024x767.webp\" media=\"(max-width: 1024px)\"><source srcset=\"https:\/\/www.saint-malo-camping.com\/wp-content\/uploads\/2026\/02\/2019-touesse-sanitaire-est.webp\" media=\"(min-width: 1025px)\"><img decoding=\"async\" src=\"https:\/\/www.saint-malo-camping.com\/wp-content\/uploads\/2026\/02\/2019-touesse-sanitaire-est-420x315.webp\" width=\"420\" height=\"210\" loading=\"lazy\" alt=\"\" title=\"\"><\/picture><figcaption>Sanit\u00e4re Einrichtungen<\/figcaption><\/figure><figure class=\"gallery__item\"><picture><source srcset=\"https:\/\/www.saint-malo-camping.com\/wp-content\/uploads\/2026\/01\/epicerie-420x315.webp\" media=\"(max-width: 210px)\"><source srcset=\"https:\/\/www.saint-malo-camping.com\/wp-content\/uploads\/2026\/01\/epicerie-850x638.webp\" media=\"(max-width: 420px)\"><source srcset=\"https:\/\/www.saint-malo-camping.com\/wp-content\/uploads\/2026\/01\/epicerie-768x576.webp\" media=\"(max-width: 850px)\"><source srcset=\"https:\/\/www.saint-malo-camping.com\/wp-content\/uploads\/2026\/01\/epicerie.webp\" media=\"(max-width: 1024px)\"><source srcset=\"https:\/\/www.saint-malo-camping.com\/wp-content\/uploads\/2026\/01\/epicerie.webp\" media=\"(min-width: 1025px)\"><img decoding=\"async\" src=\"https:\/\/www.saint-malo-camping.com\/wp-content\/uploads\/2026\/01\/epicerie-420x315.webp\" width=\"420\" height=\"210\" loading=\"lazy\" alt=\"\" title=\"\"><\/picture><figcaption>Lebensmittelgesch\u00e4ft<\/figcaption><\/figure><\/div><div class=\"columns sec-05 reverse-mob has-bleu-bg-color has-bg align-full\" style=\"background-color:var(--bleu);\"><div class=\"columns__item fade-left\"><div class=\"gallery height-adapt f-carousel fc-diapo\" data-fancybox=\"gallery\"><figure class=\"gallery__item\"><picture><source srcset=\"https:\/\/www.saint-malo-camping.com\/wp-content\/uploads\/2026\/01\/bar-restau-420x315.webp\" media=\"(max-width: 210px)\"><source srcset=\"https:\/\/www.saint-malo-camping.com\/wp-content\/uploads\/2026\/01\/bar-restau-850x638.webp\" media=\"(max-width: 420px)\"><source srcset=\"https:\/\/www.saint-malo-camping.com\/wp-content\/uploads\/2026\/01\/bar-restau-768x576.webp\" media=\"(max-width: 850px)\"><source srcset=\"https:\/\/www.saint-malo-camping.com\/wp-content\/uploads\/2026\/01\/bar-restau.webp\" media=\"(max-width: 1024px)\"><source srcset=\"https:\/\/www.saint-malo-camping.com\/wp-content\/uploads\/2026\/01\/bar-restau.webp\" media=\"(min-width: 1025px)\"><img decoding=\"async\" src=\"https:\/\/www.saint-malo-camping.com\/wp-content\/uploads\/2026\/01\/bar-restau-420x315.webp\" width=\"420\" height=\"210\" loading=\"lazy\" alt=\"\" title=\"\"><\/picture><\/figure><figure class=\"gallery__item\"><picture><source srcset=\"https:\/\/www.saint-malo-camping.com\/wp-content\/uploads\/2026\/02\/2019-touesse-sanitaires-420x315.webp\" media=\"(max-width: 210px)\"><source srcset=\"https:\/\/www.saint-malo-camping.com\/wp-content\/uploads\/2026\/02\/2019-touesse-sanitaires-850x637.webp\" media=\"(max-width: 420px)\"><source srcset=\"https:\/\/www.saint-malo-camping.com\/wp-content\/uploads\/2026\/02\/2019-touesse-sanitaires-768x575.webp\" media=\"(max-width: 850px)\"><source srcset=\"https:\/\/www.saint-malo-camping.com\/wp-content\/uploads\/2026\/02\/2019-touesse-sanitaires-1024x767.webp\" media=\"(max-width: 1024px)\"><source srcset=\"https:\/\/www.saint-malo-camping.com\/wp-content\/uploads\/2026\/02\/2019-touesse-sanitaires.webp\" media=\"(min-width: 1025px)\"><img decoding=\"async\" src=\"https:\/\/www.saint-malo-camping.com\/wp-content\/uploads\/2026\/02\/2019-touesse-sanitaires-420x315.webp\" width=\"420\" height=\"210\" loading=\"lazy\" alt=\"\" title=\"\"><\/picture><\/figure><figure class=\"gallery__item\"><picture><source srcset=\"https:\/\/www.saint-malo-camping.com\/wp-content\/uploads\/2026\/02\/2019-touesse-sanitaires-1-420x315.webp\" media=\"(max-width: 210px)\"><source srcset=\"https:\/\/www.saint-malo-camping.com\/wp-content\/uploads\/2026\/02\/2019-touesse-sanitaires-1-850x637.webp\" media=\"(max-width: 420px)\"><source srcset=\"https:\/\/www.saint-malo-camping.com\/wp-content\/uploads\/2026\/02\/2019-touesse-sanitaires-1-768x575.webp\" media=\"(max-width: 850px)\"><source srcset=\"https:\/\/www.saint-malo-camping.com\/wp-content\/uploads\/2026\/02\/2019-touesse-sanitaires-1-1024x767.webp\" media=\"(max-width: 1024px)\"><source srcset=\"https:\/\/www.saint-malo-camping.com\/wp-content\/uploads\/2026\/02\/2019-touesse-sanitaires-1.webp\" media=\"(min-width: 1025px)\"><img decoding=\"async\" src=\"https:\/\/www.saint-malo-camping.com\/wp-content\/uploads\/2026\/02\/2019-touesse-sanitaires-1-420x315.webp\" width=\"420\" height=\"210\" loading=\"lazy\" alt=\"\" title=\"\"><\/picture><\/figure><\/div><\/div><div class=\"columns__item fade-right\" style=\"align-self:center;\"><h2>Praktische Dienstleistungen <span class=\"fc-span\">auf dem Campingplatz<\/span><\/h2><p    >Vor Ort gibt es zahlreiche Dienstleistungen: ein Bar-Restaurant, ein Lebensmittelgesch\u00e4ft, einen Waschsalon mit Waschmaschinen und Trocknern sowie ein Spielzimmer. Es gibt auch einen Babyraum mit Badewanne und Wickeltisch im Sanit\u00e4rgeb\u00e4ude. <\/p><div class=\"lireplus fc-mob\"><p    >Lesen Sie mehr<\/p><div class=\"group\"><p    >Wi-Fi ist auf dem gesamten Campingplatz verf\u00fcgbar. F\u00fcr noch mehr Komfort bieten wir den Verleih von Grills, Bettw\u00e4sche und Handt\u00fcchern sowie Reinigungspakete f\u00fcr die Mietunterk\u00fcnfte an. <\/p><\/div><\/div><\/div><\/div>","protected":false},"excerpt":{"rendered":"<p>Dienstleistungen von April bis September Alle unsere Dienstleistungen werden von April bis September angeboten, um Ihnen einen komfortablen und unbeschwerten Aufenthalt zu garantieren. Direkt vor Ort wird an alles gedacht, um Ihren Alltag zu erleichtern und Ihnen zu erm\u00f6glichen, Ihren Urlaub auf dem Campingplatz in aller Ruhe zu genie\u00dfen. Praktische Dienstleistungen auf dem Campingplatz Vor [&hellip;]<\/p>\n","protected":false},"author":1,"featured_media":0,"parent":0,"menu_order":0,"comment_status":"open","ping_status":"open","template":"","meta":{"_acf_changed":false,"footnotes":""},"acf":[],"_links":{"self":[{"href":"https:\/\/www.saint-malo-camping.com\/de\/wp-json\/wp\/v2\/pages\/1290"}],"collection":[{"href":"https:\/\/www.saint-malo-camping.com\/de\/wp-json\/wp\/v2\/pages"}],"about":[{"href":"https:\/\/www.saint-malo-camping.com\/de\/wp-json\/wp\/v2\/types\/page"}],"author":[{"embeddable":true,"href":"https:\/\/www.saint-malo-camping.com\/de\/wp-json\/wp\/v2\/users\/1"}],"replies":[{"embeddable":true,"href":"https:\/\/www.saint-malo-camping.com\/de\/wp-json\/wp\/v2\/comments?post=1290"}],"version-history":[{"count":2,"href":"https:\/\/www.saint-malo-camping.com\/de\/wp-json\/wp\/v2\/pages\/1290\/revisions"}],"predecessor-version":[{"id":1528,"href":"https:\/\/www.saint-malo-camping.com\/de\/wp-json\/wp\/v2\/pages\/1290\/revisions\/1528"}],"wp:attachment":[{"href":"https:\/\/www.saint-malo-camping.com\/de\/wp-json\/wp\/v2\/media?parent=1290"}],"curies":[{"name":"wp","href":"https:\/\/api.w.org\/{rel}","templated":true}]}}