{"id":1281,"date":"2026-01-14T15:49:09","date_gmt":"2026-01-14T14:49:09","guid":{"rendered":"https:\/\/www.saint-malo-camping.com\/webcam\/"},"modified":"2026-03-06T10:05:57","modified_gmt":"2026-03-06T09:05:57","slug":"webcam","status":"publish","type":"page","link":"https:\/\/www.saint-malo-camping.com\/de\/webcam\/","title":{"rendered":"Webcam"},"content":{"rendered":"<div class=\"diaporama-header align-full\"><div class=\"gallery\"><figure class=\"gallery__item\"><picture><source srcset=\"https:\/\/www.saint-malo-camping.com\/wp-content\/uploads\/2026\/01\/latouesse-420x280.webp\" media=\"(max-width: 210px)\"><source srcset=\"https:\/\/www.saint-malo-camping.com\/wp-content\/uploads\/2026\/01\/latouesse-850x567.webp\" media=\"(max-width: 420px)\"><source srcset=\"https:\/\/www.saint-malo-camping.com\/wp-content\/uploads\/2026\/01\/latouesse-768x512.webp\" media=\"(max-width: 850px)\"><source srcset=\"https:\/\/www.saint-malo-camping.com\/wp-content\/uploads\/2026\/01\/latouesse-1024x683.webp\" media=\"(max-width: 1024px)\"><source srcset=\"https:\/\/www.saint-malo-camping.com\/wp-content\/uploads\/2026\/01\/latouesse.webp\" media=\"(min-width: 1025px)\"><img loading=\"lazy\" decoding=\"async\" src=\"https:\/\/www.saint-malo-camping.com\/wp-content\/uploads\/2026\/01\/latouesse-420x280.webp\" width=\"420\" height=\"210\" alt=\"\" title=\"\"><\/picture><\/figure><\/div><div class=\"diaporama-header__inner\"><\/div><\/div>\n\n<div class=\"columns\"><div class=\"columns__item fade-left\" style=\"align-self:center;\"><h1>Webcam in Dinard: Der Strand von l&#8217;\u00c9cluse <span class=\"fc-span\">in Dinard<\/span><\/h1><p    >Die Live-Webcam von Dinard nimmt Sie mit auf eine Entdeckungsreise durch die herrlichen Bilder der sch\u00f6nen Stadt Dinard an der Smaragdk\u00fcste. Unter den fesselnden Bildern, die Sie mit dieser Webcam sehen k\u00f6nnen, zeigt sich der Strand von l&#8217;\u00c9cluse in einem neuen Licht und bietet einen beruhigenden und spektakul\u00e4ren Anblick zwischen den Landspitzen von Malouine und Moulinet. <\/p><div class=\"lireplus fc-desk\"><p    >Lesen Sie mehr<\/p><div class=\"group\"><h2 class=\"h4\">Die Villen an der Pointe de la Malouine und Le Moulinet<\/h2><p    >Die Belle \u00c9poque Villen am Meer stehen majest\u00e4tisch da und bieten einen atemberaubenden Blick auf den Ozean. Ihre einzigartige Architektur und ihre privilegierte Lage verleihen dem ber\u00fchmten Badeort Dinard einen unvergleichlichen Charme. <\/p><h2 class=\"h4\">Passanten am Strand und an der Strandpromenade<\/h2><p    >Die Passanten, die am Strand entlang schlendern, verleihen dieser paradiesischen Umgebung einen Hauch von Leben und Animation. Ob Sie nun einen sonnigen Tag genie\u00dfen oder den Sonnenuntergang am Horizont beobachten m\u00f6chten, die Webcam erm\u00f6glicht es Ihnen, die Aktivit\u00e4t und Sch\u00f6nheit dieses einzigartigen Ortes in Dinard live zu sehen. <\/p><h2 class=\"h4\">Die herrliche Aussicht auf die Bucht von Dinard<\/h2><p    >Und schlie\u00dflich ist der atemberaubende Blick auf das Meer, das sich so weit das Auge reicht, einfach atemberaubend. Die Schattierungen von Blau und Gr\u00fcn sind harmonisch miteinander verbunden und bieten ein Naturschauspiel mit wechselnden Farbt\u00f6nen den ganzen Tag \u00fcber. <\/p><\/div><\/div><\/div><div class=\"columns__item fade-right webcam\">\n<div class=\"webcam-container\">\n  <iframe src=\"https:\/\/pv.viewsurf.com\/1314\/Dinard?i=NTQ1bjlbm8lZmIuZmQ\" title=\"Webcam Dinard\" loading=\"lazy\" allowfullscreen=\"\">\n  <\/iframe>\n<\/div>\n<\/div><\/div>\n\n<div class=\"columns reverse-mob\"><div class=\"columns__item fade-right webcam\">\n<iframe loading=\"lazy\"\n  src=\"https:\/\/www.skaping.com\/saint-lunaire\/pointe-du-decolle\"\n  width=\"100%\"\n  height=\"600\"\n  frameborder=\"0\"\n  allowfullscreen>\n<\/iframe>\n<\/div><div class=\"columns__item fade-left\" style=\"align-self:center;\"><h2>Webcam in Saint-Lunaire<\/h2><p    >Die Webcam von Saint-Lunaire zeigt Ihnen die sch\u00f6nsten Bilder von Saint-Lunaire an der Smaragdk\u00fcste. Die Smaragdk\u00fcste, von Saint-Lunaire bis Saint-Malo, ist f\u00fcr ihre malerische Sch\u00f6nheit und Vielfalt bekannt. Sie bietet eine faszinierende Kombination aus steilen Klippen, goldenen Sandstr\u00e4nden und einsamen Buchten. Die Granitklippen bilden einen starken Kontrast zum smaragdgr\u00fcnen Meer und schaffen so eine spektakul\u00e4re Landschaft.   <\/p><div class=\"lireplus fc-desk\"><p    >Lesen Sie mehr<\/p><div class=\"group\"><p    >Die Str\u00e4nde der Region, wie der Strand von Longchamp und der Strand von La Fourberie, 300 Meter vom Campingplatz La Touesse entfernt, locken mit kristallklarem Wasser und Sandfl\u00e4chen zum Entspannen, Sonnenbaden und f\u00fcr Wassersportaktivit\u00e4ten.<\/p><p    >Wenn Sie die K\u00fcste erkunden, k\u00f6nnen Sie auch einzigartige Felsformationen entdecken, die von den Wellen und dem Wind geformt wurden, sowie malerische K\u00fcstenpfade mit atemberaubenden Ausblicken auf den Ozean und die umliegenden Inseln.<\/p><p    >Saint-Lunaire ist ein charmanter Badeort an der Smaragdk\u00fcste in der Bretagne. Mit seinen feinen Sandstr\u00e4nden, wilden Buchten und K\u00fcstenpfaden ist dies der ideale Ort f\u00fcr einen erholsamen Urlaub. W\u00e4hrend Ihres Aufenthalts, vielleicht auf dem Campingplatz La Touesse, k\u00f6nnen Sie die Sonne bei einem Spaziergang entlang der K\u00fcste genie\u00dfen, in der Bucht segeln, vielleicht unter Anleitung der Segelschule des Yachtclubs von Saint-Lunaire, und nicht zu vergessen die frischen Meeresfr\u00fcchte in den lokalen Restaurants.  <\/p><\/div><\/div><\/div><\/div>\n\n<div class=\"columns\"><div class=\"columns__item fade-left\" style=\"align-self:center;\"><h2>Webcam und die Aktivit\u00e4t des Fischereihafens<\/h2><p    >Die Webcam von Saint-Malo bietet den Zuschauern einen Echtzeit-Einblick in den lebhaften Hafen von Saint-Malo, was ein fesselndes und eindringliches Erlebnis darstellt. W\u00e4hrend die Kamera \u00fcber die Szene f\u00e4hrt, kann man die Fischerboote sehen, die im Hafen liegen und deren helle Farben mit dem tiefblauen Wasser kontrastieren. Der Anblick dieser Boote symbolisiert die jahrhundertealte Tradition der Fischerei, die in Saint-Malo bl\u00fcht und Teil des kulturellen Erbes der Stadt ist.  <\/p><div class=\"lireplus fc-desk\"><p    >Lesen Sie mehr<\/p><div class=\"group\"><h2 class=\"h4\">Der Jachthafen<\/h2><p    >Neben den Fischerbooten liegen die eleganten Sportboote und Jachten des Jachthafens, die in der Sonne glitzern. Der Jachthafen von Saint-Malo ist mit seiner Auswahl an Schiffen, die von eleganten Segelbooten bis zu majest\u00e4tischen Kreuzern reicht, ein sehenswertes Spektakel. Der Jachthafen dient als Drehscheibe f\u00fcr maritime Aktivit\u00e4ten und zieht sowohl Einheimische als auch Touristen an, die die Meeresbrise und die atemberaubende Aussicht auf die umliegende K\u00fcste genie\u00dfen wollen.  <\/p><h2 class=\"h4\">Webcam Saint-Malo Intra-Muros<\/h2><p    >Die Webcam erfasst auch die majest\u00e4tischen Stadtmauern von Saint-Malo, die als W\u00e4lle bekannt sind und von der reichen Geschichte und der strategischen Bedeutung der Stadt zeugen. Diese alten Befestigungsanlagen haben den Test der Zeit bestanden und zeigen die architektonischen Meisterleistungen vergangener Generationen. Jenseits der Mauern liegt Saint-Malo Intra-Muros, das Herz der Stadt, mit seinen charmanten Kopfsteinpflasterstra\u00dfen, historischen Geb\u00e4uden und einer lebhaften Atmosph\u00e4re.  <\/p><\/div><\/div><\/div><div class=\"columns__item fade-right webcam\">\n<div class=\"webcam-container\">\n  <iframe src=\"https:\/\/www.youtube.com\/embed\/p6nAlz4_bdI\" title=\"Webcam Saint-Malo - Der Hafen\" loading=\"lazy\" allow=\"accelerometer; autoplay; clipboard-write; encrypted-media; gyroscope; picture-in-picture\" allowfullscreen=\"\">\n  <\/iframe>\n<\/div>\n<\/div><\/div>\n\n<div class=\"columns reverse-mob\"><div class=\"columns__item fade-right webcam\">\n<div class=\"webcam-container\">\n  <iframe src=\"https:\/\/www.vision-environnement.com\/live\/player\/stmalo40.php\" title=\"Webcam Sillon\" loading=\"lazy\" allowfullscreen=\"\">\n  <\/iframe>\n<\/div>\n<\/div><div class=\"columns__item fade-left\" style=\"align-self:center;\"><h2>Die Webcam von Le Sillon in Saint-Malo<\/h2><p    >Saint-Malo in der Bretagne ist eine K\u00fcstenstadt, die f\u00fcr ihre atemberaubende Sch\u00f6nheit und ihre reiche Geschichte bekannt ist. Eine der sch\u00f6nsten Arten, den fesselnden Charme von Saint-Malo zu erleben, ist die Webcam mit Blick auf den Sillon, den Sandstrand, der sich mit den Gezeiten ver\u00e4ndert. <\/p><div class=\"lireplus fc-desk\"><p    >Lesen Sie mehr<\/p><div class=\"group\"><h2 class=\"h4\"><strong>Das Licht und das Meer<\/strong><\/h2><p    >Wenn Sie den Stream der Webcam beobachten, werden Sie Zeuge der faszinierenden Interaktion zwischen Licht und Meer, w\u00e4hrend die Gezeiten auf- und abschwellen. Der sich st\u00e4ndig ver\u00e4ndernde Ozean, der im Sonnenlicht glitzert oder in Schatten geh\u00fcllt ist, erzeugt ein Gef\u00fchl der Ruhe und des Staunens. Der Anblick der M\u00f6wen, die \u00fcber das Wasser fliegen und der Boote, die sanft im Hafen schaukeln, tr\u00e4gt zu dieser bezaubernden Atmosph\u00e4re bei.  <\/p><h2 class=\"h4\">Der Sonnenuntergang<\/h2><p    >Die Webcam auf Le Sillon f\u00e4ngt die magischen Farbt\u00f6ne des Abendhimmels bei spektakul\u00e4ren Sonnenunterg\u00e4ngen ein und verwandelt den Horizont in eine Leinwand aus vibrierenden Farben. Das goldene Leuchten der Sonne, die ihre letzten Strahlen auf das Wasser wirft und den Himmel in einer Palette von Rosa, Orange und Violett malt, schafft ein atemberaubendes Schauspiel, das das Herz mit Freude und Respekt erf\u00fcllt. <\/p><h2 class=\"h4\">Das Schauspiel bei Flut<\/h2><p    >Wenn die Webcam die Flut auf dem Sillon verfolgt, erleben Sie ein Schauspiel der rohen Kraft und Sch\u00f6nheit der Natur. Die Wellen, die gegen den Deich schlagen und Gischtfahnen in die Luft schleudern, unterstreichen die unerbittliche Kraft des Meeres. Bei starken St\u00fcrmen bietet die Webcam einen Platz in der ersten Reihe, um den tobenden Sturm zu beobachten, mit Wellen, die an die K\u00fcste schlagen und Winden, die \u00fcber Saint-Malo hinwegfegen und uns an die beeindruckenden Kr\u00e4fte erinnern, die unsere Welt formen.  <\/p><\/div><\/div><\/div><\/div>\n\n<div class=\"columns\"><div class=\"columns__item fade-left\" style=\"align-self:center;\"><h2>Entdecken Sie die Webcam \u00fcber die Bucht von Mont-Saint-Michel<\/h2><p    >Der Mont-Saint-Michel ist eine der symboltr\u00e4chtigsten Sehensw\u00fcrdigkeiten in der N\u00e4he von Saint-Malo. Er liegt an der K\u00fcste der Normandie und zieht jedes Jahr Tausende von Besuchern wegen seiner Sch\u00f6nheit und Geschichte an. Mont-Saint-Michel liegt auf einer Felseninsel und ist vom Meer umgeben.  <\/p><div class=\"lireplus fc-desk\"><p    >Lesen Sie mehr<\/p><div class=\"group\"><h2 class=\"h4\">Die Webcam des Mont-Saint-Michel, das Observatorium des Meeres<\/h2><p    >Eine M\u00f6glichkeit, die Pracht dieses Ortes zu erleben, ist die Webcam des Mont-Saint-Michel, die einen einzigartigen Blick auf die Bucht und den Felsen von Tombelaine bietet. Mit dieser Technologie k\u00f6nnen Besucher aus der ganzen Welt diesen au\u00dfergew\u00f6hnlichen Ort bewundern und eine immersive virtuelle Erfahrung machen. <\/p><h2 class=\"h4\">Das Abendlicht auf dem Mont-Saint-Michel<\/h2><p    >Einer der magischsten Momente, die Sie von Ihrer Webcam aus beobachten k\u00f6nnen, ist der Sonnenuntergang \u00fcber dem Mont-Saint-Michel. Die warmen, schillernden Farben der untergehenden Sonne, die sich auf der Felseninsel spiegeln, schaffen eine bezaubernde Atmosph\u00e4re, die zur Kontemplation einl\u00e4dt. <\/p><h2 class=\"h4\">Die Gezeiten am Mont-Saint-Michel<\/h2><p    >Neben dem Schauspiel des Sonnenuntergangs k\u00f6nnen Sie mit der Webcam auch das Hin und Her des Meeres um den Mont-Saint-Michel beobachten. Die Gezeiten bringen einen nat\u00fcrlichen und hypnotisierenden Rhythmus in die Bucht und schaffen ein lebendiges Schauspiel, das sich im Laufe der Stunden ver\u00e4ndert. Besonders die gro\u00dfen Gezeiten sind beeindruckend zu beobachten, da sie die Bucht \u00fcberschwemmen und die Landschaft in eine gro\u00dfe Wasserfl\u00e4che verwandeln.  <\/p><\/div><\/div><\/div><div class=\"columns__item fade-right webcam\">\n<div class=\"webcam-container\">\n  <iframe src=\"https:\/\/pv.viewsurf.com\/1292\/baie-du-mont-saint-michel\" title=\"Webcam Mont-Saint-Michel\" loading=\"lazy\" allowfullscreen=\"\">\n  <\/iframe>\n<\/div>\n<\/div><\/div>","protected":false},"excerpt":{"rendered":"<p>Webcam in Dinard: Der Strand von l&#8217;\u00c9cluse in Dinard Die Live-Webcam von Dinard nimmt Sie mit auf eine Entdeckungsreise durch die herrlichen Bilder der sch\u00f6nen Stadt Dinard an der Smaragdk\u00fcste. Unter den fesselnden Bildern, die Sie mit dieser Webcam sehen k\u00f6nnen, zeigt sich der Strand von l&#8217;\u00c9cluse in einem neuen Licht und bietet einen beruhigenden [&hellip;]<\/p>\n","protected":false},"author":1,"featured_media":0,"parent":0,"menu_order":0,"comment_status":"open","ping_status":"open","template":"","meta":{"_acf_changed":false,"footnotes":""},"acf":[],"_links":{"self":[{"href":"https:\/\/www.saint-malo-camping.com\/de\/wp-json\/wp\/v2\/pages\/1281"}],"collection":[{"href":"https:\/\/www.saint-malo-camping.com\/de\/wp-json\/wp\/v2\/pages"}],"about":[{"href":"https:\/\/www.saint-malo-camping.com\/de\/wp-json\/wp\/v2\/types\/page"}],"author":[{"embeddable":true,"href":"https:\/\/www.saint-malo-camping.com\/de\/wp-json\/wp\/v2\/users\/1"}],"replies":[{"embeddable":true,"href":"https:\/\/www.saint-malo-camping.com\/de\/wp-json\/wp\/v2\/comments?post=1281"}],"version-history":[{"count":2,"href":"https:\/\/www.saint-malo-camping.com\/de\/wp-json\/wp\/v2\/pages\/1281\/revisions"}],"predecessor-version":[{"id":1753,"href":"https:\/\/www.saint-malo-camping.com\/de\/wp-json\/wp\/v2\/pages\/1281\/revisions\/1753"}],"wp:attachment":[{"href":"https:\/\/www.saint-malo-camping.com\/de\/wp-json\/wp\/v2\/media?parent=1281"}],"curies":[{"name":"wp","href":"https:\/\/api.w.org\/{rel}","templated":true}]}}