{"id":1279,"date":"2026-01-14T15:49:09","date_gmt":"2026-01-14T14:49:09","guid":{"rendered":"https:\/\/www.saint-malo-camping.com\/wasserpark\/"},"modified":"2026-02-19T11:06:56","modified_gmt":"2026-02-19T10:06:56","slug":"wasserpark","status":"publish","type":"page","link":"https:\/\/www.saint-malo-camping.com\/de\/wasserpark\/","title":{"rendered":"Wasserpark"},"content":{"rendered":"<div class=\"diaporama-header align-full\"><div class=\"gallery\"><figure class=\"gallery__item\"><picture><source srcset=\"https:\/\/www.saint-malo-camping.com\/wp-content\/uploads\/2026\/01\/header-piscine-420x167.webp\" media=\"(max-width: 210px)\"><source srcset=\"https:\/\/www.saint-malo-camping.com\/wp-content\/uploads\/2026\/01\/header-piscine-850x339.webp\" media=\"(max-width: 420px)\"><source srcset=\"https:\/\/www.saint-malo-camping.com\/wp-content\/uploads\/2026\/01\/header-piscine-768x306.webp\" media=\"(max-width: 850px)\"><source srcset=\"https:\/\/www.saint-malo-camping.com\/wp-content\/uploads\/2026\/01\/header-piscine-1024x408.webp\" media=\"(max-width: 1024px)\"><source srcset=\"https:\/\/www.saint-malo-camping.com\/wp-content\/uploads\/2026\/01\/header-piscine.webp\" media=\"(min-width: 1025px)\"><img loading=\"lazy\" decoding=\"async\" src=\"https:\/\/www.saint-malo-camping.com\/wp-content\/uploads\/2026\/01\/header-piscine-420x167.webp\" width=\"420\" height=\"210\" alt=\"\" title=\"\"><\/picture><\/figure><\/div><div class=\"diaporama-header__inner\"><\/div><\/div><div class=\"columns\"><div class=\"columns__item fade-left\" style=\"align-self:center;\"><h1>Ein beheizter Wasserpark <span class=\"fc-span\">in der N\u00e4he von Saint-Malo<\/span><\/h1><p    >Genie\u00dfen Sie unseren <strong>Wasserpark auf dem Campingplatz La Touesse<\/strong>, in der N\u00e4he von <strong>Saint-Malo und Saint-Lunaire<\/strong>, mit <strong>beheizten Hallen- und Freib\u00e4dern<\/strong>. Ein wahrer Ort des <strong>Vergn\u00fcgens und des Wohlbefindens<\/strong>, der f\u00fcr die ganze Familie gedacht ist, wo jeder sich entspannen, Spa\u00df haben und sch\u00f6ne Momente w\u00e4hrend des Urlaubs teilen kann. <\/p><div class=\"buttons\"><span class=\"buttons__btn btn-resa\">Ich m\u00f6chte buchen<\/span><\/div><\/div><div class=\"columns__item fade-right\"><div class=\"gallery height-adapt f-carousel fc-diapo\" data-fancybox=\"gallery\"><figure class=\"gallery__item\"><picture><source srcset=\"https:\/\/www.saint-malo-camping.com\/wp-content\/uploads\/2026\/01\/piscine-couverte-420x315.webp\" media=\"(max-width: 210px)\"><source srcset=\"https:\/\/www.saint-malo-camping.com\/wp-content\/uploads\/2026\/01\/piscine-couverte-850x638.webp\" media=\"(max-width: 420px)\"><source srcset=\"https:\/\/www.saint-malo-camping.com\/wp-content\/uploads\/2026\/01\/piscine-couverte-768x576.webp\" media=\"(max-width: 850px)\"><source srcset=\"https:\/\/www.saint-malo-camping.com\/wp-content\/uploads\/2026\/01\/piscine-couverte.webp\" media=\"(max-width: 1024px)\"><source srcset=\"https:\/\/www.saint-malo-camping.com\/wp-content\/uploads\/2026\/01\/piscine-couverte.webp\" media=\"(min-width: 1025px)\"><img decoding=\"async\" src=\"https:\/\/www.saint-malo-camping.com\/wp-content\/uploads\/2026\/01\/piscine-couverte-420x315.webp\" width=\"420\" height=\"210\" loading=\"lazy\" alt=\"\" title=\"\"><\/picture><\/figure><figure class=\"gallery__item\"><picture><source srcset=\"https:\/\/www.saint-malo-camping.com\/wp-content\/uploads\/2026\/02\/P7256379_DxO_resultat-420x315.webp\" media=\"(max-width: 210px)\"><source srcset=\"https:\/\/www.saint-malo-camping.com\/wp-content\/uploads\/2026\/02\/P7256379_DxO_resultat-850x638.webp\" media=\"(max-width: 420px)\"><source srcset=\"https:\/\/www.saint-malo-camping.com\/wp-content\/uploads\/2026\/02\/P7256379_DxO_resultat-768x576.webp\" media=\"(max-width: 850px)\"><source srcset=\"https:\/\/www.saint-malo-camping.com\/wp-content\/uploads\/2026\/02\/P7256379_DxO_resultat-1024x768.webp\" media=\"(max-width: 1024px)\"><source srcset=\"https:\/\/www.saint-malo-camping.com\/wp-content\/uploads\/2026\/02\/P7256379_DxO_resultat.webp\" media=\"(min-width: 1025px)\"><img decoding=\"async\" src=\"https:\/\/www.saint-malo-camping.com\/wp-content\/uploads\/2026\/02\/P7256379_DxO_resultat-420x315.webp\" width=\"420\" height=\"210\" loading=\"lazy\" alt=\"\" title=\"\"><\/picture><\/figure><figure class=\"gallery__item\"><picture><source srcset=\"https:\/\/www.saint-malo-camping.com\/wp-content\/uploads\/2026\/02\/P7256708_DxO_resultat-420x315.webp\" media=\"(max-width: 210px)\"><source srcset=\"https:\/\/www.saint-malo-camping.com\/wp-content\/uploads\/2026\/02\/P7256708_DxO_resultat-850x638.webp\" media=\"(max-width: 420px)\"><source srcset=\"https:\/\/www.saint-malo-camping.com\/wp-content\/uploads\/2026\/02\/P7256708_DxO_resultat-768x576.webp\" media=\"(max-width: 850px)\"><source srcset=\"https:\/\/www.saint-malo-camping.com\/wp-content\/uploads\/2026\/02\/P7256708_DxO_resultat-1024x768.webp\" media=\"(max-width: 1024px)\"><source srcset=\"https:\/\/www.saint-malo-camping.com\/wp-content\/uploads\/2026\/02\/P7256708_DxO_resultat.webp\" media=\"(min-width: 1025px)\"><img decoding=\"async\" src=\"https:\/\/www.saint-malo-camping.com\/wp-content\/uploads\/2026\/02\/P7256708_DxO_resultat-420x315.webp\" width=\"420\" height=\"210\" loading=\"lazy\" alt=\"\" title=\"\"><\/picture><\/figure><\/div><\/div><\/div><div class=\"columns sec-05 reverse-mob has-bleu-bg-color has-bg align-full\" style=\"background-color:var(--bleu);\"><div class=\"columns__item fade-left\"><div class=\"gallery height-adapt f-carousel fc-diapo\" data-fancybox=\"gallery\"><figure class=\"gallery__item\"><picture><source srcset=\"https:\/\/www.saint-malo-camping.com\/wp-content\/uploads\/2026\/01\/enfants-piscine-420x315.webp\" media=\"(max-width: 210px)\"><source srcset=\"https:\/\/www.saint-malo-camping.com\/wp-content\/uploads\/2026\/01\/enfants-piscine-850x638.webp\" media=\"(max-width: 420px)\"><source srcset=\"https:\/\/www.saint-malo-camping.com\/wp-content\/uploads\/2026\/01\/enfants-piscine-768x576.webp\" media=\"(max-width: 850px)\"><source srcset=\"https:\/\/www.saint-malo-camping.com\/wp-content\/uploads\/2026\/01\/enfants-piscine.webp\" media=\"(max-width: 1024px)\"><source srcset=\"https:\/\/www.saint-malo-camping.com\/wp-content\/uploads\/2026\/01\/enfants-piscine.webp\" media=\"(min-width: 1025px)\"><img decoding=\"async\" src=\"https:\/\/www.saint-malo-camping.com\/wp-content\/uploads\/2026\/01\/enfants-piscine-420x315.webp\" width=\"420\" height=\"210\" loading=\"lazy\" alt=\"\" title=\"\"><\/picture><\/figure><figure class=\"gallery__item\"><picture><source srcset=\"https:\/\/www.saint-malo-camping.com\/wp-content\/uploads\/2026\/01\/aquagym-420x315.webp\" media=\"(max-width: 210px)\"><source srcset=\"https:\/\/www.saint-malo-camping.com\/wp-content\/uploads\/2026\/01\/aquagym-850x638.webp\" media=\"(max-width: 420px)\"><source srcset=\"https:\/\/www.saint-malo-camping.com\/wp-content\/uploads\/2026\/01\/aquagym-768x576.webp\" media=\"(max-width: 850px)\"><source srcset=\"https:\/\/www.saint-malo-camping.com\/wp-content\/uploads\/2026\/01\/aquagym.webp\" media=\"(max-width: 1024px)\"><source srcset=\"https:\/\/www.saint-malo-camping.com\/wp-content\/uploads\/2026\/01\/aquagym.webp\" media=\"(min-width: 1025px)\"><img decoding=\"async\" src=\"https:\/\/www.saint-malo-camping.com\/wp-content\/uploads\/2026\/01\/aquagym-420x315.webp\" width=\"420\" height=\"210\" loading=\"lazy\" alt=\"\" title=\"\"><\/picture><\/figure><figure class=\"gallery__item\"><picture><source srcset=\"https:\/\/www.saint-malo-camping.com\/wp-content\/uploads\/2026\/01\/piscine-photo-plante-420x157.webp\" media=\"(max-width: 210px)\"><source srcset=\"https:\/\/www.saint-malo-camping.com\/wp-content\/uploads\/2026\/01\/piscine-photo-plante-850x318.webp\" media=\"(max-width: 420px)\"><source srcset=\"https:\/\/www.saint-malo-camping.com\/wp-content\/uploads\/2026\/01\/piscine-photo-plante-768x287.webp\" media=\"(max-width: 850px)\"><source srcset=\"https:\/\/www.saint-malo-camping.com\/wp-content\/uploads\/2026\/01\/piscine-photo-plante-1024x383.webp\" media=\"(max-width: 1024px)\"><source srcset=\"https:\/\/www.saint-malo-camping.com\/wp-content\/uploads\/2026\/01\/piscine-photo-plante.webp\" media=\"(min-width: 1025px)\"><img decoding=\"async\" src=\"https:\/\/www.saint-malo-camping.com\/wp-content\/uploads\/2026\/01\/piscine-photo-plante-420x157.webp\" width=\"420\" height=\"210\" loading=\"lazy\" alt=\"\" title=\"\"><\/picture><\/figure><\/div><\/div><div class=\"columns__item fade-right\" style=\"align-self:center;\"><h2>Wasserfl\u00e4chen <span class=\"fc-span\">f\u00fcr Gro\u00df und Klein<\/span><\/h2><p    >Die ganze Saison \u00fcber empf\u00e4ngt Sie unsere Badelandschaft mit <strong>einem auf 28\u00b0C beheizten Hallenbad<\/strong>, das mit einem gro\u00dfen Becken, <strong>Whirlpoold\u00fcsen<\/strong> und einem <strong>Jacuzzi<\/strong> ausgestattet ist, ideal f\u00fcr jedes Wetter. <strong>Ein auf 26\u00b0C beheizter Au\u00dfenpool<\/strong> mit einem gro\u00dfen Becken, einer <strong>Gegenstromanlage<\/strong>, <strong>3 Rutschen<\/strong> und einem <strong>Planschbecken<\/strong> f\u00fcr die Kleinsten.<\/p><div class=\"lireplus fc-desk\"><p    >Lesen Sie mehr<\/p><div class=\"group\"><p    >Um die Becken herum gibt es <strong>breite<\/strong>, windgesch\u00fctzte <strong>Au\u00dfenstr\u00e4nde<\/strong>, wo Sie auf einer Liege die Sonne genie\u00dfen und gleichzeitig die Kinder im Auge behalten k\u00f6nnen. Um diese Momente der Entspannung zu verl\u00e4ngern, wird ein <strong>30-min\u00fctiger Saunabesuch<\/strong> angeboten (gegen Geb\u00fchr, Reservierung an der Rezeption). Kinder m\u00fcssen von einem Erwachsenen betreut werden, da der Pool nicht \u00fcberwacht wird.  <\/p><\/div><\/div><\/div><\/div><figure class=\"deco etoile hide-mob\"><picture><source srcset=\"https:\/\/www.saint-malo-camping.com\/wp-content\/uploads\/2024\/07\/deco-etoile-420x72.webp\" media=\"(max-width: 210px)\"><source srcset=\"https:\/\/www.saint-malo-camping.com\/wp-content\/uploads\/2024\/07\/deco-etoile-850x146.webp\" media=\"(max-width: 420px)\"><source srcset=\"https:\/\/www.saint-malo-camping.com\/wp-content\/uploads\/2024\/07\/deco-etoile-768x132.webp\" media=\"(max-width: 850px)\"><source srcset=\"https:\/\/www.saint-malo-camping.com\/wp-content\/uploads\/2024\/07\/deco-etoile-1024x176.webp\" media=\"(max-width: 1024px)\"><source srcset=\"https:\/\/www.saint-malo-camping.com\/wp-content\/uploads\/2024\/07\/deco-etoile.webp\" media=\"(min-width: 1025px)\"><img decoding=\"async\" src=\"https:\/\/www.saint-malo-camping.com\/wp-content\/uploads\/2024\/07\/deco-etoile-420x72.webp\" width=\"420\" height=\"210\" loading=\"lazy\" alt=\"\" title=\"\"><\/picture><\/figure><div class=\"gallery align-full hide-mob col-4 f-carousel fc-diapo-mob\" data-fancybox=\"gallery-mob\"><figure class=\"gallery__item\"><picture><source srcset=\"https:\/\/www.saint-malo-camping.com\/wp-content\/uploads\/2026\/01\/pataugeoire-420x315.webp\" media=\"(max-width: 210px)\"><source srcset=\"https:\/\/www.saint-malo-camping.com\/wp-content\/uploads\/2026\/01\/pataugeoire-850x638.webp\" media=\"(max-width: 420px)\"><source srcset=\"https:\/\/www.saint-malo-camping.com\/wp-content\/uploads\/2026\/01\/pataugeoire-768x576.webp\" media=\"(max-width: 850px)\"><source srcset=\"https:\/\/www.saint-malo-camping.com\/wp-content\/uploads\/2026\/01\/pataugeoire.webp\" media=\"(max-width: 1024px)\"><source srcset=\"https:\/\/www.saint-malo-camping.com\/wp-content\/uploads\/2026\/01\/pataugeoire.webp\" media=\"(min-width: 1025px)\"><img decoding=\"async\" src=\"https:\/\/www.saint-malo-camping.com\/wp-content\/uploads\/2026\/01\/pataugeoire-420x315.webp\" width=\"420\" height=\"210\" loading=\"lazy\" alt=\"\" title=\"\"><\/picture><figcaption>Planschbecken<\/figcaption><\/figure><figure class=\"gallery__item\"><picture><source srcset=\"https:\/\/www.saint-malo-camping.com\/wp-content\/uploads\/2026\/01\/piscine-exterieure-420x315.webp\" media=\"(max-width: 210px)\"><source srcset=\"https:\/\/www.saint-malo-camping.com\/wp-content\/uploads\/2026\/01\/piscine-exterieure-850x638.webp\" media=\"(max-width: 420px)\"><source srcset=\"https:\/\/www.saint-malo-camping.com\/wp-content\/uploads\/2026\/01\/piscine-exterieure-768x576.webp\" media=\"(max-width: 850px)\"><source srcset=\"https:\/\/www.saint-malo-camping.com\/wp-content\/uploads\/2026\/01\/piscine-exterieure.webp\" media=\"(max-width: 1024px)\"><source srcset=\"https:\/\/www.saint-malo-camping.com\/wp-content\/uploads\/2026\/01\/piscine-exterieure.webp\" media=\"(min-width: 1025px)\"><img decoding=\"async\" src=\"https:\/\/www.saint-malo-camping.com\/wp-content\/uploads\/2026\/01\/piscine-exterieure-420x315.webp\" width=\"420\" height=\"210\" loading=\"lazy\" alt=\"\" title=\"\"><\/picture><figcaption>Au\u00dfenpool<\/figcaption><\/figure><figure class=\"gallery__item\"><picture><source srcset=\"https:\/\/www.saint-malo-camping.com\/wp-content\/uploads\/2026\/02\/P7256708_DxO_resultat-420x315.webp\" media=\"(max-width: 210px)\"><source srcset=\"https:\/\/www.saint-malo-camping.com\/wp-content\/uploads\/2026\/02\/P7256708_DxO_resultat-850x638.webp\" media=\"(max-width: 420px)\"><source srcset=\"https:\/\/www.saint-malo-camping.com\/wp-content\/uploads\/2026\/02\/P7256708_DxO_resultat-768x576.webp\" media=\"(max-width: 850px)\"><source srcset=\"https:\/\/www.saint-malo-camping.com\/wp-content\/uploads\/2026\/02\/P7256708_DxO_resultat-1024x768.webp\" media=\"(max-width: 1024px)\"><source srcset=\"https:\/\/www.saint-malo-camping.com\/wp-content\/uploads\/2026\/02\/P7256708_DxO_resultat.webp\" media=\"(min-width: 1025px)\"><img decoding=\"async\" src=\"https:\/\/www.saint-malo-camping.com\/wp-content\/uploads\/2026\/02\/P7256708_DxO_resultat-420x315.webp\" width=\"420\" height=\"210\" loading=\"lazy\" alt=\"\" title=\"\"><\/picture><figcaption>Rutschen<\/figcaption><\/figure><\/div><div class=\"columns sec-05 has-vert-bg-color has-bg align-full\" style=\"background-color:var(--vert);\"><div class=\"columns__item fade-left\" style=\"align-self:center;\"><h2>Vorschriften &amp; Hygiene <span class=\"fc-span\">in Schwimmb\u00e4dern<\/span><\/h2><p    >Um die <strong>Sauberkeit, Hygiene und Gesundheit aller<\/strong> zu gew\u00e4hrleisten, m\u00fcssen bestimmte Regeln eingehalten werden:<\/p><ul><li>Frauen: <strong>Einteilige oder zweiteilige Badeanz\u00fcge sind erlaubt<\/strong>;\n<\/li><li>M\u00e4nner: <strong>nur Badehosen, Boxershorts oder Jammer<\/strong> (Shorts sind nicht erlaubt);\n<\/li><li><strong>Duschen und Einseifen<\/strong> vor dem Betreten der Becken ist <strong>obligatorisch<\/strong>;\n<\/li><li>Bereitstellung einer Garderobe.\n<\/li><\/ul><div class=\"lireplus fc-mob\"><p    >Lesen Sie mehr<\/p><div class=\"group\"><p    >Diese Regeln helfen, die Verunreinigungen im Wasser zu begrenzen und eine optimale Badequalit\u00e4t f\u00fcr alle Urlauber zu gew\u00e4hrleisten.<\/p><\/div><\/div><\/div><div class=\"columns__item fade-right\"><div class=\"gallery height-adapt f-carousel fc-diapo\" data-fancybox=\"gallery\"><figure class=\"gallery__item\"><picture><source srcset=\"https:\/\/www.saint-malo-camping.com\/wp-content\/uploads\/2026\/01\/aquatique-1-420x315.webp\" media=\"(max-width: 210px)\"><source srcset=\"https:\/\/www.saint-malo-camping.com\/wp-content\/uploads\/2026\/01\/aquatique-1-850x638.webp\" media=\"(max-width: 420px)\"><source srcset=\"https:\/\/www.saint-malo-camping.com\/wp-content\/uploads\/2026\/01\/aquatique-1-768x576.webp\" media=\"(max-width: 850px)\"><source srcset=\"https:\/\/www.saint-malo-camping.com\/wp-content\/uploads\/2026\/01\/aquatique-1.webp\" media=\"(max-width: 1024px)\"><source srcset=\"https:\/\/www.saint-malo-camping.com\/wp-content\/uploads\/2026\/01\/aquatique-1.webp\" media=\"(min-width: 1025px)\"><img decoding=\"async\" src=\"https:\/\/www.saint-malo-camping.com\/wp-content\/uploads\/2026\/01\/aquatique-1-420x315.webp\" width=\"420\" height=\"210\" loading=\"lazy\" alt=\"\" title=\"\"><\/picture><\/figure><figure class=\"gallery__item\"><picture><source srcset=\"https:\/\/www.saint-malo-camping.com\/wp-content\/uploads\/2026\/02\/P7256866_DxO_resultat-420x315.webp\" media=\"(max-width: 210px)\"><source srcset=\"https:\/\/www.saint-malo-camping.com\/wp-content\/uploads\/2026\/02\/P7256866_DxO_resultat-850x638.webp\" media=\"(max-width: 420px)\"><source srcset=\"https:\/\/www.saint-malo-camping.com\/wp-content\/uploads\/2026\/02\/P7256866_DxO_resultat-768x576.webp\" media=\"(max-width: 850px)\"><source srcset=\"https:\/\/www.saint-malo-camping.com\/wp-content\/uploads\/2026\/02\/P7256866_DxO_resultat-1024x768.webp\" media=\"(max-width: 1024px)\"><source srcset=\"https:\/\/www.saint-malo-camping.com\/wp-content\/uploads\/2026\/02\/P7256866_DxO_resultat.webp\" media=\"(min-width: 1025px)\"><img decoding=\"async\" src=\"https:\/\/www.saint-malo-camping.com\/wp-content\/uploads\/2026\/02\/P7256866_DxO_resultat-420x315.webp\" width=\"420\" height=\"210\" loading=\"lazy\" alt=\"\" title=\"\"><\/picture><\/figure><figure class=\"gallery__item\"><picture><source srcset=\"https:\/\/www.saint-malo-camping.com\/wp-content\/uploads\/2026\/02\/jeux-piscine-enfants-camping-la-touesse-420x315.webp\" media=\"(max-width: 210px)\"><source srcset=\"https:\/\/www.saint-malo-camping.com\/wp-content\/uploads\/2026\/02\/jeux-piscine-enfants-camping-la-touesse-850x638.webp\" media=\"(max-width: 420px)\"><source srcset=\"https:\/\/www.saint-malo-camping.com\/wp-content\/uploads\/2026\/02\/jeux-piscine-enfants-camping-la-touesse-768x576.webp\" media=\"(max-width: 850px)\"><source srcset=\"https:\/\/www.saint-malo-camping.com\/wp-content\/uploads\/2026\/02\/jeux-piscine-enfants-camping-la-touesse-1024x768.webp\" media=\"(max-width: 1024px)\"><source srcset=\"https:\/\/www.saint-malo-camping.com\/wp-content\/uploads\/2026\/02\/jeux-piscine-enfants-camping-la-touesse.webp\" media=\"(min-width: 1025px)\"><img decoding=\"async\" src=\"https:\/\/www.saint-malo-camping.com\/wp-content\/uploads\/2026\/02\/jeux-piscine-enfants-camping-la-touesse-420x315.webp\" width=\"420\" height=\"210\" loading=\"lazy\" alt=\"\" title=\"\"><\/picture><\/figure><\/div><\/div><\/div>","protected":false},"excerpt":{"rendered":"<p>Ein beheizter Wasserpark in der N\u00e4he von Saint-Malo Genie\u00dfen Sie unseren Wasserpark auf dem Campingplatz La Touesse, in der N\u00e4he von Saint-Malo und Saint-Lunaire, mit beheizten Hallen- und Freib\u00e4dern. Ein wahrer Ort des Vergn\u00fcgens und des Wohlbefindens, der f\u00fcr die ganze Familie gedacht ist, wo jeder sich entspannen, Spa\u00df haben und sch\u00f6ne Momente w\u00e4hrend des [&hellip;]<\/p>\n","protected":false},"author":1,"featured_media":0,"parent":0,"menu_order":0,"comment_status":"open","ping_status":"open","template":"","meta":{"_acf_changed":false,"footnotes":""},"acf":[],"_links":{"self":[{"href":"https:\/\/www.saint-malo-camping.com\/de\/wp-json\/wp\/v2\/pages\/1279"}],"collection":[{"href":"https:\/\/www.saint-malo-camping.com\/de\/wp-json\/wp\/v2\/pages"}],"about":[{"href":"https:\/\/www.saint-malo-camping.com\/de\/wp-json\/wp\/v2\/types\/page"}],"author":[{"embeddable":true,"href":"https:\/\/www.saint-malo-camping.com\/de\/wp-json\/wp\/v2\/users\/1"}],"replies":[{"embeddable":true,"href":"https:\/\/www.saint-malo-camping.com\/de\/wp-json\/wp\/v2\/comments?post=1279"}],"version-history":[{"count":2,"href":"https:\/\/www.saint-malo-camping.com\/de\/wp-json\/wp\/v2\/pages\/1279\/revisions"}],"predecessor-version":[{"id":1551,"href":"https:\/\/www.saint-malo-camping.com\/de\/wp-json\/wp\/v2\/pages\/1279\/revisions\/1551"}],"wp:attachment":[{"href":"https:\/\/www.saint-malo-camping.com\/de\/wp-json\/wp\/v2\/media?parent=1279"}],"curies":[{"name":"wp","href":"https:\/\/api.w.org\/{rel}","templated":true}]}}